{"id":300,"date":"2025-11-13T11:51:30","date_gmt":"2025-11-13T11:51:30","guid":{"rendered":"https:\/\/spottersiden.no\/?page_id=300"},"modified":"2026-04-04T14:23:48","modified_gmt":"2026-04-04T14:23:48","slug":"om","status":"publish","type":"page","link":"https:\/\/spottersiden.no\/?page_id=300","title":{"rendered":"Om"},"content":{"rendered":"<p>&nbsp;<\/p>\n<article id=\"post-272\" class=\"post-272 page type-page status-publish hentry\">\n<div class=\"entry-content\">\n<p style=\"text-align: center;\"><em><span dir=\"auto\" style=\"vertical-align: inherit;\"><span dir=\"auto\" style=\"vertical-align: inherit;\"><span dir=\"auto\" style=\"vertical-align: inherit;\"><span dir=\"auto\" style=\"vertical-align: inherit;\">Litt bakgrunnshistorie:<\/span><\/span><\/span><\/span><\/em><\/p>\n<p style=\"text-align: center;\"><em><span dir=\"auto\" style=\"vertical-align: inherit;\"><span dir=\"auto\" style=\"vertical-align: inherit;\"><span dir=\"auto\" style=\"vertical-align: inherit;\"><span dir=\"auto\" style=\"vertical-align: inherit;\">\u00a0Mitt navn er Jan Ivar Rafoss. Jeg er innehaver av Rafoss Foto som siden 2012 har drevet med salg av bilder til mediehus. Jeg har siden jeg var liten v\u00e6rt glad i \u00e5 ta bilder. Naturbilder er det jeg liker mest \u00e5 ta, og jeg har alltid hatt en trang til \u00e5 f\u00e5 frem gleder hos andre med mine bilder. Jeg begynte \u00e5 interessere meg ganske tidlig og inns\u00e5 at dette var noe for meg. Jeg etablerte meg etter hvert som freelancer og fotograf p\u00e5 S\u00f8rlandet. Som freelancer opplever en mye rart i hverdagen og det er helt fantastisk, men i lille Norge er ikke stort nok til \u00e5 br\u00f8df\u00f8 meg med fotografering siden det er s\u00e5 mange som holder p\u00e5 med det. Til tross for at jeg etter hvert utvidet mitt tjenestespekter med st\u00f8rre omr\u00e5de s\u00e5 er det ikke lett \u00e5 drive i denne bransjen, s\u00e5 jeg har en jobb som sj\u00e5f\u00f8r ved siden av for \u00e5 f\u00e5 endene til \u00e5 m\u00f8tes.<\/span><\/span><\/span><\/span><\/em><\/p>\n<p>&nbsp;<\/p>\n<\/div>\n<p><img loading=\"lazy\" decoding=\"async\" class=\"alignnone wp-image-495 size-full\" src=\"https:\/\/spottersiden.no\/wp-content\/uploads\/2025\/11\/IMG_3282-kopi-1.jpg\" alt=\"\" width=\"960\" height=\"384\" srcset=\"https:\/\/spottersiden.no\/wp-content\/uploads\/2025\/11\/IMG_3282-kopi-1.jpg 960w, https:\/\/spottersiden.no\/wp-content\/uploads\/2025\/11\/IMG_3282-kopi-1-300x120.jpg 300w, https:\/\/spottersiden.no\/wp-content\/uploads\/2025\/11\/IMG_3282-kopi-1-768x307.jpg 768w\" sizes=\"auto, (max-width: 709px) 85vw, (max-width: 909px) 67vw, (max-width: 1362px) 62vw, 840px\" \/><\/p>\n<\/article>\n","protected":false},"excerpt":{"rendered":"<p>&nbsp; Litt bakgrunnshistorie: \u00a0Mitt navn er Jan Ivar Rafoss. Jeg er innehaver av Rafoss Foto som siden 2012 har drevet med salg av bilder til mediehus. Jeg har siden jeg var liten v\u00e6rt glad i \u00e5 ta bilder. Naturbilder er det jeg liker mest \u00e5 ta, og jeg har alltid hatt en trang til \u00e5 &hellip; <a href=\"https:\/\/spottersiden.no\/?page_id=300\" class=\"more-link\">Fortsett \u00e5 lese<span class=\"screen-reader-text\"> \u00abOm\u00bb<\/span><\/a><\/p>\n","protected":false},"author":1,"featured_media":0,"parent":0,"menu_order":0,"comment_status":"closed","ping_status":"closed","template":"","meta":{"footnotes":""},"class_list":["post-300","page","type-page","status-publish","hentry"],"jetpack_sharing_enabled":true,"_links":{"self":[{"href":"https:\/\/spottersiden.no\/index.php?rest_route=\/wp\/v2\/pages\/300","targetHints":{"allow":["GET"]}}],"collection":[{"href":"https:\/\/spottersiden.no\/index.php?rest_route=\/wp\/v2\/pages"}],"about":[{"href":"https:\/\/spottersiden.no\/index.php?rest_route=\/wp\/v2\/types\/page"}],"author":[{"embeddable":true,"href":"https:\/\/spottersiden.no\/index.php?rest_route=\/wp\/v2\/users\/1"}],"replies":[{"embeddable":true,"href":"https:\/\/spottersiden.no\/index.php?rest_route=%2Fwp%2Fv2%2Fcomments&post=300"}],"version-history":[{"count":7,"href":"https:\/\/spottersiden.no\/index.php?rest_route=\/wp\/v2\/pages\/300\/revisions"}],"predecessor-version":[{"id":351,"href":"https:\/\/spottersiden.no\/index.php?rest_route=\/wp\/v2\/pages\/300\/revisions\/351"}],"wp:attachment":[{"href":"https:\/\/spottersiden.no\/index.php?rest_route=%2Fwp%2Fv2%2Fmedia&parent=300"}],"curies":[{"name":"wp","href":"https:\/\/api.w.org\/{rel}","templated":true}]}}