{"id":343,"date":"2025-11-13T19:52:32","date_gmt":"2025-11-13T19:52:32","guid":{"rendered":"https:\/\/spottersiden.no\/?page_id=343"},"modified":"2026-04-04T14:21:53","modified_gmt":"2026-04-04T14:21:53","slug":"hjem-2","status":"publish","type":"page","link":"https:\/\/spottersiden.no\/?page_id=343","title":{"rendered":"Hjem"},"content":{"rendered":"<p style=\"text-align: center;\"><em><span dir=\"auto\" style=\"vertical-align: inherit;\"><span dir=\"auto\" style=\"vertical-align: inherit;\"><span dir=\"auto\" style=\"vertical-align: inherit;\"><span dir=\"auto\" style=\"vertical-align: inherit;\"><span dir=\"auto\" style=\"vertical-align: inherit;\">Kvinesdal (uttales kvinnesdal) er en kommune i Vest-Agder med vel 5 800 innbyggere. 46 % av dem bor i tettbygde str\u00f8k. Kommunens administrasjonssentrum heter Liknes. Her m\u00f8tes de to elvene Kvina og Litle\u00e5na som renner ut i Fedafjorden.Kvinesdal har kontakt til kysten via Fedafjorden og grenser til Bygland i Aust-Agder i nord. I vest grenser den til Flekkefjord ogSirdal, i \u00f8st til \u00c5seral og H\u00e6gebostad, i s\u00f8r til Lyngdal og Farsund.De fleste innbyggerne bor p\u00e5 Kvinlog, Liknes, Hamrebakkene, \u00d8yestranda, Feda, Austerdalen og Vesterdalen.<\/span><\/span><\/span><\/span><\/span><\/em><\/p>\n<p style=\"text-align: center;\"><em><span dir=\"auto\" style=\"vertical-align: inherit;\"><span dir=\"auto\" style=\"vertical-align: inherit;\"><span dir=\"auto\" style=\"vertical-align: inherit;\"><span dir=\"auto\" style=\"vertical-align: inherit;\"><span dir=\"auto\" style=\"vertical-align: inherit;\">Kommunen har navn etter elva Kvina, som til forskjell fra kommunenavnet uttales med trykk p\u00e5 i-en. Navnet kommer av norr\u00f8nt \u00abhv\u00edn\u00bb, som betyr elvebrus. Kvinesdal kommune har i perioden 2010-2011 satt igang en rekke tiltak for at innbyggerne skal ha et best mulig n\u00e6rmilj\u00f8. Etter Terra-skandalen i 2007, har kommunen dog tatt seg rikt opp. I 2010 hadde Kvinesdal kommune et overskudd p\u00e5 33 millioner norske kroner. Kvinesdal har satt i gang et omd\u00f8mmeprosjekt som involverer at Kvinesdal skal ha en sentral plass p\u00e5 kartet i Norge, og resten av Skandinavia. Kommunen ble tildelt Agderr\u00e5dets Likestillingspris i 2011 og fikk anerkjennelsen som Vest-Agders beste servicekommune av Forbrukerr\u00e5det i perioden 2005-2011.<\/span><\/span><\/span><\/span><\/span><\/em><\/p>\n<p><img loading=\"lazy\" decoding=\"async\" class=\"alignnone wp-image-478 size-full\" src=\"https:\/\/spottersiden.no\/wp-content\/uploads\/2025\/11\/IMG_3154-kopi.jpg\" alt=\"\" width=\"960\" height=\"679\" srcset=\"https:\/\/spottersiden.no\/wp-content\/uploads\/2025\/11\/IMG_3154-kopi.jpg 960w, https:\/\/spottersiden.no\/wp-content\/uploads\/2025\/11\/IMG_3154-kopi-300x212.jpg 300w, https:\/\/spottersiden.no\/wp-content\/uploads\/2025\/11\/IMG_3154-kopi-768x543.jpg 768w\" sizes=\"auto, (max-width: 709px) 85vw, (max-width: 909px) 67vw, (max-width: 1362px) 62vw, 840px\" \/><\/p>\n","protected":false},"excerpt":{"rendered":"<p>Kvinesdal (uttales kvinnesdal) er en kommune i Vest-Agder med vel 5 800 innbyggere. 46 % av dem bor i tettbygde str\u00f8k. Kommunens administrasjonssentrum heter Liknes. Her m\u00f8tes de to elvene Kvina og Litle\u00e5na som renner ut i Fedafjorden.Kvinesdal har kontakt til kysten via Fedafjorden og grenser til Bygland i Aust-Agder i nord. I vest grenser &hellip; <a href=\"https:\/\/spottersiden.no\/?page_id=343\" class=\"more-link\">Fortsett \u00e5 lese<span class=\"screen-reader-text\"> \u00abHjem\u00bb<\/span><\/a><\/p>\n","protected":false},"author":1,"featured_media":0,"parent":0,"menu_order":0,"comment_status":"closed","ping_status":"closed","template":"","meta":{"footnotes":""},"class_list":["post-343","page","type-page","status-publish","hentry"],"jetpack_sharing_enabled":true,"_links":{"self":[{"href":"https:\/\/spottersiden.no\/index.php?rest_route=\/wp\/v2\/pages\/343","targetHints":{"allow":["GET"]}}],"collection":[{"href":"https:\/\/spottersiden.no\/index.php?rest_route=\/wp\/v2\/pages"}],"about":[{"href":"https:\/\/spottersiden.no\/index.php?rest_route=\/wp\/v2\/types\/page"}],"author":[{"embeddable":true,"href":"https:\/\/spottersiden.no\/index.php?rest_route=\/wp\/v2\/users\/1"}],"replies":[{"embeddable":true,"href":"https:\/\/spottersiden.no\/index.php?rest_route=%2Fwp%2Fv2%2Fcomments&post=343"}],"version-history":[{"count":6,"href":"https:\/\/spottersiden.no\/index.php?rest_route=\/wp\/v2\/pages\/343\/revisions"}],"predecessor-version":[{"id":348,"href":"https:\/\/spottersiden.no\/index.php?rest_route=\/wp\/v2\/pages\/343\/revisions\/348"}],"wp:attachment":[{"href":"https:\/\/spottersiden.no\/index.php?rest_route=%2Fwp%2Fv2%2Fmedia&parent=343"}],"curies":[{"name":"wp","href":"https:\/\/api.w.org\/{rel}","templated":true}]}}