{"id":355,"date":"2025-11-26T22:42:15","date_gmt":"2025-11-26T22:42:15","guid":{"rendered":"https:\/\/spottersiden.no\/?page_id=355"},"modified":"2025-11-27T21:43:11","modified_gmt":"2025-11-27T21:43:11","slug":"frekvenser-kjevik","status":"publish","type":"page","link":"https:\/\/spottersiden.no\/?page_id=355","title":{"rendered":"Frekvenser Kjevik"},"content":{"rendered":"<table id=\"aptcomms\">\n<tbody>\n<tr>\n<th><em><span dir=\"auto\">KJEVIK:<\/span><\/em><\/th>\n<td><em><span dir=\"auto\">118,10<\/span><\/em><\/td>\n<\/tr>\n<tr>\n<th><em><span dir=\"auto\">KJEVIK:<\/span><\/em><\/th>\n<td><em><span dir=\"auto\">119,95<\/span><\/em><\/td>\n<\/tr>\n<tr>\n<th><em><span dir=\"auto\">KJEVIK:<\/span><\/em><\/th>\n<td><em><span dir=\"auto\">122,10<\/span><\/em><\/td>\n<\/tr>\n<tr>\n<th><em><span dir=\"auto\">KJEVIK ATIS:<\/span><\/em><\/th>\n<td><em><span dir=\"auto\">124,47<\/span><\/em><\/td>\n<\/tr>\n<tr>\n<th><em><span dir=\"auto\">KJEVIK N\u00f8dsituasjon:<\/span><\/em><\/th>\n<td><em><span dir=\"auto\">121,50<\/span><\/em><\/td>\n<\/tr>\n<tr>\n<th><em><span dir=\"auto\">KJEVIK-t\u00e5rnet:<\/span><\/em><\/th>\n<td><em><span dir=\"auto\">118,10<\/span><\/em><\/td>\n<\/tr>\n<tr>\n<th><em><span dir=\"auto\">KJEVIK-t\u00e5rnet:<\/span><\/em><\/th>\n<td><em><span dir=\"auto\">119,95<\/span><\/em><\/td>\n<\/tr>\n<tr>\n<th><em><span dir=\"auto\">KJEVIK-t\u00e5rnet:<\/span><\/em><\/th>\n<td><em><span dir=\"auto\">122,10<\/span><\/em><\/td>\n<\/tr>\n<\/tbody>\n<\/table>\n","protected":false},"excerpt":{"rendered":"<p>KJEVIK: 118,10 KJEVIK: 119,95 KJEVIK: 122,10 KJEVIK ATIS: 124,47 KJEVIK N\u00f8dsituasjon: 121,50 KJEVIK-t\u00e5rnet: 118,10 KJEVIK-t\u00e5rnet: 119,95 KJEVIK-t\u00e5rnet: 122,10<\/p>\n","protected":false},"author":1,"featured_media":0,"parent":0,"menu_order":0,"comment_status":"closed","ping_status":"closed","template":"","meta":{"footnotes":""},"class_list":["post-355","page","type-page","status-publish","hentry"],"jetpack_sharing_enabled":true,"_links":{"self":[{"href":"https:\/\/spottersiden.no\/index.php?rest_route=\/wp\/v2\/pages\/355","targetHints":{"allow":["GET"]}}],"collection":[{"href":"https:\/\/spottersiden.no\/index.php?rest_route=\/wp\/v2\/pages"}],"about":[{"href":"https:\/\/spottersiden.no\/index.php?rest_route=\/wp\/v2\/types\/page"}],"author":[{"embeddable":true,"href":"https:\/\/spottersiden.no\/index.php?rest_route=\/wp\/v2\/users\/1"}],"replies":[{"embeddable":true,"href":"https:\/\/spottersiden.no\/index.php?rest_route=%2Fwp%2Fv2%2Fcomments&post=355"}],"version-history":[{"count":3,"href":"https:\/\/spottersiden.no\/index.php?rest_route=\/wp\/v2\/pages\/355\/revisions"}],"predecessor-version":[{"id":400,"href":"https:\/\/spottersiden.no\/index.php?rest_route=\/wp\/v2\/pages\/355\/revisions\/400"}],"wp:attachment":[{"href":"https:\/\/spottersiden.no\/index.php?rest_route=%2Fwp%2Fv2%2Fmedia&parent=355"}],"curies":[{"name":"wp","href":"https:\/\/api.w.org\/{rel}","templated":true}]}}