{"id":357,"date":"2025-11-26T22:42:15","date_gmt":"2025-11-26T22:42:15","guid":{"rendered":"https:\/\/spottersiden.no\/?page_id=357"},"modified":"2025-11-27T21:45:25","modified_gmt":"2025-11-27T21:45:25","slug":"frekvenser-gardermonen","status":"publish","type":"page","link":"https:\/\/spottersiden.no\/?page_id=357","title":{"rendered":"Frekvenser Gardermonen"},"content":{"rendered":"<table id=\"aptcomms\">\n<tbody>\n<tr>\n<th><em><span dir=\"auto\">OSLO:<\/span><\/em><\/th>\n<td><em><span dir=\"auto\">118,47<\/span><\/em><\/td>\n<\/tr>\n<tr>\n<th><em><span dir=\"auto\">ENDELIG METODE:<\/span><\/em><\/th>\n<td><em><span dir=\"auto\">119,97<\/span><\/em><\/td>\n<\/tr>\n<tr>\n<th><em><span dir=\"auto\">OSLO:<\/span><\/em><\/th>\n<td><em><span dir=\"auto\">120,45<\/span><\/em><\/td>\n<\/tr>\n<tr>\n<th><em><span dir=\"auto\">ENDELIG METODE:<\/span><\/em><\/th>\n<td><em><span dir=\"auto\">128,90<\/span><\/em><\/td>\n<\/tr>\n<tr>\n<th><em><span dir=\"auto\">OSLO:<\/span><\/em><\/th>\n<td><em><span dir=\"auto\">129,30<\/span><\/em><\/td>\n<\/tr>\n<tr>\n<th><em><span dir=\"auto\">GARDERMOEN ANKOMSTINFORMASJON ATIS:<\/span><\/em><\/th>\n<td><em><span dir=\"auto\">126,12<\/span><\/em><\/td>\n<\/tr>\n<tr>\n<th><em><span dir=\"auto\">GARDERMOEN AVREISINFO ATIS:<\/span><\/em><\/th>\n<td><em><span dir=\"auto\">127,15<\/span><\/em><\/td>\n<\/tr>\n<tr>\n<th><em><span dir=\"auto\">GARDERMOEN LEVERING Forsalg Levering:<\/span><\/em><\/th>\n<td><em><span dir=\"auto\">121,68<\/span><\/em><\/td>\n<\/tr>\n<tr>\n<th><em><span dir=\"auto\">GARDERMOEN LEVERING Forsalg Levering:<\/span><\/em><\/th>\n<td><em><span dir=\"auto\">121,93<\/span><\/em><\/td>\n<\/tr>\n<tr>\n<th><em><span dir=\"auto\">REGISS\u00d8R Regiss\u00f8r:<\/span><\/em><\/th>\n<td><em><span dir=\"auto\">119,97<\/span><\/em><\/td>\n<\/tr>\n<tr>\n<th><em><span dir=\"auto\">REGISS\u00d8R Regiss\u00f8r:<\/span><\/em><\/th>\n<td><em><span dir=\"auto\">136,40<\/span><\/em><\/td>\n<\/tr>\n<tr>\n<th><em><span dir=\"auto\">OSLO\/GARDERMOEN N\u00f8dsituasjon:<\/span><\/em><\/th>\n<td><em><span dir=\"auto\">121,50<\/span><\/em><\/td>\n<\/tr>\n<tr>\n<th><em><span dir=\"auto\">OSLO\/GARDERMOEN N\u00f8dsituasjon:<\/span><\/em><\/th>\n<td><em><span dir=\"auto\">243,00<\/span><\/em><\/td>\n<\/tr>\n<tr>\n<th><em><span dir=\"auto\">GARDERMOEN bakkekontroll:<\/span><\/em><\/th>\n<td><em><span dir=\"auto\">121,60<\/span><\/em><\/td>\n<\/tr>\n<tr>\n<th><em><span dir=\"auto\">GARDERMOEN bakkekontroll:<\/span><\/em><\/th>\n<td><em><span dir=\"auto\">121,73<\/span><\/em><\/td>\n<\/tr>\n<tr>\n<th><em><span dir=\"auto\">GARDERMOEN bakkekontroll:<\/span><\/em><\/th>\n<td><em><span dir=\"auto\">121,90<\/span><\/em><\/td>\n<\/tr>\n<tr>\n<th><em><span dir=\"auto\">GARDERMOEN T\u00c5RNET T\u00e5rn:<\/span><\/em><\/th>\n<td><em><span dir=\"auto\">118,30<\/span><\/em><\/td>\n<\/tr>\n<tr>\n<th><em><span dir=\"auto\">GARDERMOEN T\u00c5RNET T\u00e5rn:<\/span><\/em><\/th>\n<td><em><span dir=\"auto\">118,70<\/span><\/em><\/td>\n<\/tr>\n<tr>\n<th><em><span dir=\"auto\">GARDERMOEN T\u00c5RNET T\u00e5rn:<\/span><\/em><\/th>\n<td><em><span dir=\"auto\">120,10<\/span><\/em><\/td>\n<\/tr>\n<tr>\n<th><em><span dir=\"auto\">GARDERMOEN T\u00c5RNET T\u00e5rn:<\/span><\/em><\/th>\n<td><em><span dir=\"auto\">123,32<\/span><\/em><\/td>\n<\/tr>\n<tr>\n<th><em><span dir=\"auto\">GARDERMOEN T\u00c5RNET T\u00e5rn:<\/span><\/em><\/th>\n<td><em><span dir=\"auto\">257,80<\/span><\/em><\/td>\n<\/tr>\n<\/tbody>\n<\/table>\n","protected":false},"excerpt":{"rendered":"<p>OSLO: 118,47 ENDELIG METODE: 119,97 OSLO: 120,45 ENDELIG METODE: 128,90 OSLO: 129,30 GARDERMOEN ANKOMSTINFORMASJON ATIS: 126,12 GARDERMOEN AVREISINFO ATIS: 127,15 GARDERMOEN LEVERING Forsalg Levering: 121,68 GARDERMOEN LEVERING Forsalg Levering: 121,93 REGISS\u00d8R Regiss\u00f8r: 119,97 REGISS\u00d8R Regiss\u00f8r: 136,40 OSLO\/GARDERMOEN N\u00f8dsituasjon: 121,50 OSLO\/GARDERMOEN N\u00f8dsituasjon: 243,00 GARDERMOEN bakkekontroll: 121,60 GARDERMOEN bakkekontroll: 121,73 GARDERMOEN bakkekontroll: 121,90 GARDERMOEN T\u00c5RNET T\u00e5rn: 118,30 &hellip; <a href=\"https:\/\/spottersiden.no\/?page_id=357\" class=\"more-link\">Fortsett \u00e5 lese<span class=\"screen-reader-text\"> \u00abFrekvenser Gardermonen\u00bb<\/span><\/a><\/p>\n","protected":false},"author":1,"featured_media":0,"parent":0,"menu_order":0,"comment_status":"closed","ping_status":"closed","template":"","meta":{"footnotes":""},"class_list":["post-357","page","type-page","status-publish","hentry"],"jetpack_sharing_enabled":true,"_links":{"self":[{"href":"https:\/\/spottersiden.no\/index.php?rest_route=\/wp\/v2\/pages\/357","targetHints":{"allow":["GET"]}}],"collection":[{"href":"https:\/\/spottersiden.no\/index.php?rest_route=\/wp\/v2\/pages"}],"about":[{"href":"https:\/\/spottersiden.no\/index.php?rest_route=\/wp\/v2\/types\/page"}],"author":[{"embeddable":true,"href":"https:\/\/spottersiden.no\/index.php?rest_route=\/wp\/v2\/users\/1"}],"replies":[{"embeddable":true,"href":"https:\/\/spottersiden.no\/index.php?rest_route=%2Fwp%2Fv2%2Fcomments&post=357"}],"version-history":[{"count":3,"href":"https:\/\/spottersiden.no\/index.php?rest_route=\/wp\/v2\/pages\/357\/revisions"}],"predecessor-version":[{"id":403,"href":"https:\/\/spottersiden.no\/index.php?rest_route=\/wp\/v2\/pages\/357\/revisions\/403"}],"wp:attachment":[{"href":"https:\/\/spottersiden.no\/index.php?rest_route=%2Fwp%2Fv2%2Fmedia&parent=357"}],"curies":[{"name":"wp","href":"https:\/\/api.w.org\/{rel}","templated":true}]}}