{"id":409,"date":"2025-11-27T21:54:33","date_gmt":"2025-11-27T21:54:33","guid":{"rendered":"https:\/\/spottersiden.no\/?page_id=409"},"modified":"2025-11-27T21:56:35","modified_gmt":"2025-11-27T21:56:35","slug":"frekvenser-rygge","status":"publish","type":"page","link":"https:\/\/spottersiden.no\/?page_id=409","title":{"rendered":"Frekvenser Rygge"},"content":{"rendered":"<table id=\"aptcomms\">\n<tbody>\n<tr>\n<th><em><span dir=\"auto\">FARRIS:<\/span><\/em><\/th>\n<td><em><span dir=\"auto\">124,35<\/span><\/em><\/td>\n<\/tr>\n<tr>\n<th><em><span dir=\"auto\">RYGGE:<\/span><\/em><\/th>\n<td><em><span dir=\"auto\">134,05<\/span><\/em><\/td>\n<\/tr>\n<tr>\n<th><em><span dir=\"auto\">RYGGE ATIS:<\/span><\/em><\/th>\n<td><em><span dir=\"auto\">136,17<\/span><\/em><\/td>\n<\/tr>\n<tr>\n<th><em><span dir=\"auto\">RYGGE Salgslevering:<\/span><\/em><\/th>\n<td><em><span dir=\"auto\">121,70<\/span><\/em><\/td>\n<\/tr>\n<tr>\n<th><em><span dir=\"auto\">RYGGE bakkekontroll:<\/span><\/em><\/th>\n<td><em><span dir=\"auto\">121,70<\/span><\/em><\/td>\n<\/tr>\n<tr>\n<th><em><span dir=\"auto\">RYGGE-t\u00e5rnet:<\/span><\/em><\/th>\n<td><em><span dir=\"auto\">119,50<\/span><\/em><\/td>\n<\/tr>\n<tr>\n<th><em><span dir=\"auto\">RYGGE-t\u00e5rnet:<\/span><\/em><\/th>\n<td><em><span dir=\"auto\">122,10<\/span><\/em><\/td>\n<\/tr>\n<tr>\n<th><em><span dir=\"auto\">RYGGE-t\u00e5rnet:<\/span><\/em><\/th>\n<td><em><span dir=\"auto\">243,00<\/span><\/em><\/td>\n<\/tr>\n<tr>\n<th><em><span dir=\"auto\">RYGGE-t\u00e5rnet:<\/span><\/em><\/th>\n<td><em><span dir=\"auto\">308,85<\/span><\/em><\/td>\n<\/tr>\n<\/tbody>\n<\/table>\n","protected":false},"excerpt":{"rendered":"<p>FARRIS: 124,35 RYGGE: 134,05 RYGGE ATIS: 136,17 RYGGE Salgslevering: 121,70 RYGGE bakkekontroll: 121,70 RYGGE-t\u00e5rnet: 119,50 RYGGE-t\u00e5rnet: 122,10 RYGGE-t\u00e5rnet: 243,00 RYGGE-t\u00e5rnet: 308,85<\/p>\n","protected":false},"author":1,"featured_media":0,"parent":0,"menu_order":0,"comment_status":"closed","ping_status":"closed","template":"","meta":{"footnotes":""},"class_list":["post-409","page","type-page","status-publish","hentry"],"jetpack_sharing_enabled":true,"_links":{"self":[{"href":"https:\/\/spottersiden.no\/index.php?rest_route=\/wp\/v2\/pages\/409","targetHints":{"allow":["GET"]}}],"collection":[{"href":"https:\/\/spottersiden.no\/index.php?rest_route=\/wp\/v2\/pages"}],"about":[{"href":"https:\/\/spottersiden.no\/index.php?rest_route=\/wp\/v2\/types\/page"}],"author":[{"embeddable":true,"href":"https:\/\/spottersiden.no\/index.php?rest_route=\/wp\/v2\/users\/1"}],"replies":[{"embeddable":true,"href":"https:\/\/spottersiden.no\/index.php?rest_route=%2Fwp%2Fv2%2Fcomments&post=409"}],"version-history":[{"count":3,"href":"https:\/\/spottersiden.no\/index.php?rest_route=\/wp\/v2\/pages\/409\/revisions"}],"predecessor-version":[{"id":417,"href":"https:\/\/spottersiden.no\/index.php?rest_route=\/wp\/v2\/pages\/409\/revisions\/417"}],"wp:attachment":[{"href":"https:\/\/spottersiden.no\/index.php?rest_route=%2Fwp%2Fv2%2Fmedia&parent=409"}],"curies":[{"name":"wp","href":"https:\/\/api.w.org\/{rel}","templated":true}]}}