{"id":418,"date":"2025-11-27T21:58:38","date_gmt":"2025-11-27T21:58:38","guid":{"rendered":"https:\/\/spottersiden.no\/?page_id=418"},"modified":"2025-11-27T21:59:03","modified_gmt":"2025-11-27T21:59:03","slug":"frekvenser-sandefjord-torp","status":"publish","type":"page","link":"https:\/\/spottersiden.no\/?page_id=418","title":{"rendered":"Frekvenser Sandefjord Torp"},"content":{"rendered":"<table id=\"aptcomms\">\n<tbody>\n<tr>\n<th><em><span dir=\"auto\">TORP INFORMASJON ATIS:<\/span><\/em><\/th>\n<td><em><span dir=\"auto\">119,07<\/span><\/em><\/td>\n<\/tr>\n<tr>\n<th><em><span dir=\"auto\">TORP-n\u00f8dsituasjon:<\/span><\/em><\/th>\n<td><em><span dir=\"auto\">121,50<\/span><\/em><\/td>\n<\/tr>\n<tr>\n<th><em><span dir=\"auto\">TORP GROUND Bakkekontroll:<\/span><\/em><\/th>\n<td><em><span dir=\"auto\">126,17<\/span><\/em><\/td>\n<\/tr>\n<tr>\n<th><em><span dir=\"auto\">TORP T\u00c5RN T\u00e5rn:<\/span><\/em><\/th>\n<td><em><span dir=\"auto\">118,65<\/span><\/em><\/td>\n<\/tr>\n<\/tbody>\n<\/table>\n","protected":false},"excerpt":{"rendered":"<p>TORP INFORMASJON ATIS: 119,07 TORP-n\u00f8dsituasjon: 121,50 TORP GROUND Bakkekontroll: 126,17 TORP T\u00c5RN T\u00e5rn: 118,65<\/p>\n","protected":false},"author":1,"featured_media":0,"parent":0,"menu_order":0,"comment_status":"closed","ping_status":"closed","template":"","meta":{"footnotes":""},"class_list":["post-418","page","type-page","status-publish","hentry"],"jetpack_sharing_enabled":true,"_links":{"self":[{"href":"https:\/\/spottersiden.no\/index.php?rest_route=\/wp\/v2\/pages\/418","targetHints":{"allow":["GET"]}}],"collection":[{"href":"https:\/\/spottersiden.no\/index.php?rest_route=\/wp\/v2\/pages"}],"about":[{"href":"https:\/\/spottersiden.no\/index.php?rest_route=\/wp\/v2\/types\/page"}],"author":[{"embeddable":true,"href":"https:\/\/spottersiden.no\/index.php?rest_route=\/wp\/v2\/users\/1"}],"replies":[{"embeddable":true,"href":"https:\/\/spottersiden.no\/index.php?rest_route=%2Fwp%2Fv2%2Fcomments&post=418"}],"version-history":[{"count":3,"href":"https:\/\/spottersiden.no\/index.php?rest_route=\/wp\/v2\/pages\/418\/revisions"}],"predecessor-version":[{"id":423,"href":"https:\/\/spottersiden.no\/index.php?rest_route=\/wp\/v2\/pages\/418\/revisions\/423"}],"wp:attachment":[{"href":"https:\/\/spottersiden.no\/index.php?rest_route=%2Fwp%2Fv2%2Fmedia&parent=418"}],"curies":[{"name":"wp","href":"https:\/\/api.w.org\/{rel}","templated":true}]}}